{"id":131,"date":"2014-11-03T01:02:34","date_gmt":"2014-11-03T01:02:34","guid":{"rendered":"http:\/\/vinicolatomelloso.com\/tienda\/?post_type=product&#038;p=131"},"modified":"2025-09-10T08:33:16","modified_gmt":"2025-09-10T08:33:16","slug":"xtales-macabeo","status":"publish","type":"product","link":"https:\/\/vinicolatomelloso.com\/tienda\/vino\/xtales-macabeo\/","title":{"rendered":"XTALES MOSCATEL GASIFICADO"},"content":{"rendered":"<p>Este vino semidulce gasificado (frizzante), est\u00e1 especialmente dirigido al p\u00fablico joven: dise\u00f1o moderno, menor graduaci\u00f3n alcoh\u00f3lica, afrutado y ligero. Se recomienda consumir muy fr\u00edo. Es ideal para tomar de copas o tapeo.<br \/>\n<strong>VARIETAL: <\/strong>100% Moscatel<br \/>\n<strong>NOTAS DE CATA:<\/strong> Presenta un color p\u00e1lido acerado, con reflejos tenues oro, muy limpio y brillante. En la nariz se suceden los aromas florales propios de la variedad acomplejados con aromas frutosos que recuerdan a frutas tropicales con notas de maracuy\u00e1, muy limpio y picante por el carb\u00f3nico. Muy fresco de sabor, sabroso, afrutado de gran finura, destaca la armon\u00eda entre sus componentes y la buena integraci\u00f3n del carb\u00f3nico, la sedosidad de su paso, siendo el final de boca largo y persistente. Su aguja unida a su acidez bien combinada con el alcohol le confiere una extraordinaria frescura.<\/p>\n","protected":false},"excerpt":{"rendered":"<p>Este vino semidulce gasificado (frizzante), est\u00e1 especialmente dirigido al p\u00fablico joven: dise\u00f1o moderno, menor graduaci\u00f3n alcoh\u00f3lica, afrutado y ligero. Se recomienda consumir muy fr\u00edo. Es ideal para tomar de copas o tapeo. VARIETAL: 100% Moscatel NOTAS DE CATA: Presenta un color p\u00e1lido acerado, con reflejos tenues oro, muy limpio y brillante. En la nariz se suceden los aromas florales propios de la variedad acomplejados con aromas frutosos que recuerdan a frutas tropicales con notas de maracuy\u00e1, muy limpio y picante por el carb\u00f3nico. Muy fresco de sabor, sabroso, afrutado de gran finura, destaca la armon\u00eda entre sus componentes y la buena integraci\u00f3n del carb\u00f3nico, la sedosidad de su paso, siendo el final de boca largo y persistente. Su aguja unida a su acidez bien combinada con el alcohol le confiere una extraordinaria frescura.<\/p>\n","protected":false},"featured_media":854,"comment_status":"closed","ping_status":"closed","template":"","meta":[],"product_brand":[40],"product_cat":[53],"product_tag":[52],"class_list":{"0":"post-131","1":"product","2":"type-product","3":"status-publish","4":"has-post-thumbnail","6":"product_brand-xtales","7":"product_cat-gasificado","8":"product_tag-moscatel","10":"first","11":"instock","12":"shipping-taxable","13":"purchasable","14":"product-type-simple"},"_links":{"self":[{"href":"https:\/\/vinicolatomelloso.com\/tienda\/wp-json\/wp\/v2\/product\/131","targetHints":{"allow":["GET"]}}],"collection":[{"href":"https:\/\/vinicolatomelloso.com\/tienda\/wp-json\/wp\/v2\/product"}],"about":[{"href":"https:\/\/vinicolatomelloso.com\/tienda\/wp-json\/wp\/v2\/types\/product"}],"replies":[{"embeddable":true,"href":"https:\/\/vinicolatomelloso.com\/tienda\/wp-json\/wp\/v2\/comments?post=131"}],"wp:featuredmedia":[{"embeddable":true,"href":"https:\/\/vinicolatomelloso.com\/tienda\/wp-json\/wp\/v2\/media\/854"}],"wp:attachment":[{"href":"https:\/\/vinicolatomelloso.com\/tienda\/wp-json\/wp\/v2\/media?parent=131"}],"wp:term":[{"taxonomy":"product_brand","embeddable":true,"href":"https:\/\/vinicolatomelloso.com\/tienda\/wp-json\/wp\/v2\/product_brand?post=131"},{"taxonomy":"product_cat","embeddable":true,"href":"https:\/\/vinicolatomelloso.com\/tienda\/wp-json\/wp\/v2\/product_cat?post=131"},{"taxonomy":"product_tag","embeddable":true,"href":"https:\/\/vinicolatomelloso.com\/tienda\/wp-json\/wp\/v2\/product_tag?post=131"}],"curies":[{"name":"wp","href":"https:\/\/api.w.org\/{rel}","templated":true}]}}